{"id":1111,"date":"2022-12-14T17:50:24","date_gmt":"2022-12-14T16:50:24","guid":{"rendered":"https:\/\/willalazur.pl\/?page_id=1111"},"modified":"2023-06-30T10:34:21","modified_gmt":"2023-06-30T08:34:21","slug":"contact","status":"publish","type":"page","link":"https:\/\/willalazur.pl\/en\/contact\/","title":{"rendered":"Contact"},"content":{"rendered":"\t\t<div data-elementor-type=\"wp-page\" data-elementor-id=\"1111\" class=\"elementor elementor-1111 elementor-29\">\n\t\t\t\t\t\t\t\t\t<section class=\"elementor-section elementor-top-section elementor-element elementor-element-2b83ba7f elementor-section-boxed elementor-section-height-default elementor-section-height-default\" data-id=\"2b83ba7f\" data-element_type=\"section\">\n\t\t\t\t\t\t<div class=\"elementor-container elementor-column-gap-default\">\n\t\t\t\t\t<div class=\"elementor-column elementor-col-50 elementor-top-column elementor-element elementor-element-56aa6fe0\" data-id=\"56aa6fe0\" data-element_type=\"column\">\n\t\t\t<div class=\"elementor-widget-wrap elementor-element-populated\">\n\t\t\t\t\t\t\t\t<div class=\"elementor-element elementor-element-c902166 elementor-widget elementor-widget-image\" data-id=\"c902166\" data-element_type=\"widget\" data-widget_type=\"image.default\">\n\t\t\t\t<div class=\"elementor-widget-container\">\n\t\t\t<style>\/*! elementor - v3.9.0 - 06-12-2022 *\/\n.elementor-widget-image{text-align:center}.elementor-widget-image a{display:inline-block}.elementor-widget-image a img[src$=\".svg\"]{width:48px}.elementor-widget-image img{vertical-align:middle;display:inline-block}<\/style>\t\t\t\t\t\t\t\t\t\t\t\t<img decoding=\"async\" width=\"2560\" height=\"1747\" src=\"https:\/\/willalazur.pl\/wp-content\/uploads\/2023\/06\/dom-scaled.jpg\" class=\"attachment-full size-full wp-image-1336\" alt=\"\" loading=\"lazy\" srcset=\"https:\/\/willalazur.pl\/wp-content\/uploads\/2023\/06\/dom-scaled.jpg 2560w, https:\/\/willalazur.pl\/wp-content\/uploads\/2023\/06\/dom-300x205.jpg 300w, https:\/\/willalazur.pl\/wp-content\/uploads\/2023\/06\/dom-1024x699.jpg 1024w, https:\/\/willalazur.pl\/wp-content\/uploads\/2023\/06\/dom-150x102.jpg 150w, https:\/\/willalazur.pl\/wp-content\/uploads\/2023\/06\/dom-768x524.jpg 768w, https:\/\/willalazur.pl\/wp-content\/uploads\/2023\/06\/dom-1536x1048.jpg 1536w, https:\/\/willalazur.pl\/wp-content\/uploads\/2023\/06\/dom-2048x1398.jpg 2048w\" sizes=\"(max-width: 2560px) 100vw, 2560px\" \/>\t\t\t\t\t\t\t\t\t\t\t\t\t\t\t<\/div>\n\t\t\t\t<\/div>\n\t\t\t\t\t<\/div>\n\t\t<\/div>\n\t\t\t\t<div class=\"elementor-column elementor-col-50 elementor-top-column elementor-element elementor-element-41381a9b\" data-id=\"41381a9b\" data-element_type=\"column\" data-settings=\"{&quot;background_background&quot;:&quot;classic&quot;}\">\n\t\t\t<div class=\"elementor-widget-wrap elementor-element-populated\">\n\t\t\t\t\t\t\t\t<div class=\"elementor-element elementor-element-2190aac5 elementor-widget elementor-widget-text-editor\" data-id=\"2190aac5\" data-element_type=\"widget\" data-widget_type=\"text-editor.default\">\n\t\t\t\t<div class=\"elementor-widget-container\">\n\t\t\t<style>\/*! elementor - v3.9.0 - 06-12-2022 *\/\n.elementor-widget-text-editor.elementor-drop-cap-view-stacked .elementor-drop-cap{background-color:#818a91;color:#fff}.elementor-widget-text-editor.elementor-drop-cap-view-framed .elementor-drop-cap{color:#818a91;border:3px solid;background-color:transparent}.elementor-widget-text-editor:not(.elementor-drop-cap-view-default) .elementor-drop-cap{margin-top:8px}.elementor-widget-text-editor:not(.elementor-drop-cap-view-default) .elementor-drop-cap-letter{width:1em;height:1em}.elementor-widget-text-editor .elementor-drop-cap{float:left;text-align:center;line-height:1;font-size:50px}.elementor-widget-text-editor .elementor-drop-cap-letter{display:inline-block}<\/style>\t\t\t\t<p><span class=\"ff1 cf3 fs24\">Gra\u017cyna Jackiewicz<br \/>My\u015bliwska Street 1<br \/>72-<wbr \/>500 Mi\u0119dzyzdroje<\/span><\/p>\t\t\t\t\t\t<\/div>\n\t\t\t\t<\/div>\n\t\t\t\t<div class=\"elementor-element elementor-element-d4bfa74 elementor-widget elementor-widget-text-editor\" data-id=\"d4bfa74\" data-element_type=\"widget\" data-widget_type=\"text-editor.default\">\n\t\t\t\t<div class=\"elementor-widget-container\">\n\t\t\t\t\t\t\t<p>Bank account number PL:<br \/><b>71 1600 1462 1832 1753 1000 0001<\/b><\/p><p>Bank account number EUR:<\/p><p><strong>PL87 1600 1462 1832 1753 1000 0004<\/strong><\/p><p>SWIFT &#8211; PPABPLPK<\/p>\t\t\t\t\t\t<\/div>\n\t\t\t\t<\/div>\n\t\t\t\t<div class=\"elementor-element elementor-element-a6d2466 elementor-widget elementor-widget-text-editor\" data-id=\"a6d2466\" data-element_type=\"widget\" data-widget_type=\"text-editor.default\">\n\t\t\t\t<div class=\"elementor-widget-container\">\n\t\t\t\t\t\t\t<p><span class=\"ff0 cf3 fs24\">Phone: (091) 32 80 458<br \/>Mobile phone: <\/span><span class=\"ff2 cf3 fs24\">+48 668 608 908<\/span><span class=\"ff0 cf3 fs24\"><br \/>E-mail:\u00a0<\/span><span class=\"ff2 cf3 fs24\">kontakt@willalazur.pl<\/span><\/p>\t\t\t\t\t\t<\/div>\n\t\t\t\t<\/div>\n\t\t\t\t<div class=\"elementor-element elementor-element-ef89bf5 elementor-widget elementor-widget-text-editor\" data-id=\"ef89bf5\" data-element_type=\"widget\" data-widget_type=\"text-editor.default\">\n\t\t\t\t<div class=\"elementor-widget-container\">\n\t\t\t\t\t\t\t<p class=\"elementor-heading-title elementor-size-default\">To make a reservation, please contact us by phone.<br \/>\u00a0<\/p><p class=\"elementor-heading-title elementor-size-default\"><strong>The age of guests in our guesthouse is 16+<\/strong><\/p>\t\t\t\t\t\t<\/div>\n\t\t\t\t<\/div>\n\t\t\t\t\t<\/div>\n\t\t<\/div>\n\t\t\t\t\t\t\t<\/div>\n\t\t<\/section>\n\t\t\t\t\t\t\t<\/div>\n\t\t","protected":false},"excerpt":{"rendered":"<p>Gra\u017cyna JackiewiczMy\u015bliwska Street 172-500 Mi\u0119dzyzdroje Bank account number PL:71 1600 1462 1832 1753 1000 0001 Bank account number EUR: PL87 1600 1462 1832 1753 1000 0004 SWIFT &#8211; PPABPLPK Phone: (091) 32 80 458Mobile phone: +48 668 608 908E-mail:\u00a0kontakt@willalazur.pl To make a reservation, please contact us by phone.\u00a0 The age of guests in our guesthouse [&hellip;]<\/p>\n","protected":false},"author":1,"featured_media":0,"parent":0,"menu_order":0,"comment_status":"closed","ping_status":"closed","template":"","meta":[],"yoast_head":"<!-- This site is optimized with the Yoast SEO plugin v19.14 - https:\/\/yoast.com\/wordpress\/plugins\/seo\/ -->\n<title>Contact - Willa Lazur Mi\u0119dzyzdroje<\/title>\n<meta name=\"robots\" content=\"index, follow, max-snippet:-1, max-image-preview:large, max-video-preview:-1\" \/>\n<link rel=\"canonical\" href=\"https:\/\/willalazur.pl\/kontakt\/\" \/>\n<meta property=\"og:locale\" content=\"en_US\" \/>\n<meta property=\"og:type\" content=\"article\" \/>\n<meta property=\"og:title\" content=\"Contact - Willa Lazur Mi\u0119dzyzdroje\" \/>\n<meta property=\"og:description\" content=\"Gra\u017cyna JackiewiczMy\u015bliwska Street 172-500 Mi\u0119dzyzdroje Bank account number PL:71 1600 1462 1832 1753 1000 0001 Bank account number EUR: PL87 1600 1462 1832 1753 1000 0004 SWIFT &#8211; PPABPLPK Phone: (091) 32 80 458Mobile phone: +48 668 608 908E-mail:\u00a0kontakt@willalazur.pl To make a reservation, please contact us by phone.\u00a0 The age of guests in our guesthouse [&hellip;]\" \/>\n<meta property=\"og:url\" content=\"https:\/\/willalazur.pl\/kontakt\/\" \/>\n<meta property=\"og:site_name\" content=\"Willa Lazur Mi\u0119dzyzdroje\" \/>\n<meta property=\"article:modified_time\" content=\"2023-06-30T08:34:21+00:00\" \/>\n<meta property=\"og:image\" content=\"https:\/\/willalazur.pl\/wp-content\/uploads\/2023\/06\/dom-scaled.jpg\" \/>\n<meta name=\"twitter:card\" content=\"summary_large_image\" \/>\n<meta name=\"twitter:label1\" content=\"Est. reading time\" \/>\n\t<meta name=\"twitter:data1\" content=\"1 minute\" \/>\n<script type=\"application\/ld+json\" class=\"yoast-schema-graph\">{\"@context\":\"https:\/\/schema.org\",\"@graph\":[{\"@type\":\"WebPage\",\"@id\":\"https:\/\/willalazur.pl\/kontakt\/\",\"url\":\"https:\/\/willalazur.pl\/kontakt\/\",\"name\":\"Contact - Willa Lazur Mi\u0119dzyzdroje\",\"isPartOf\":{\"@id\":\"https:\/\/willalazur.pl\/#website\"},\"datePublished\":\"2022-12-14T16:50:24+00:00\",\"dateModified\":\"2023-06-30T08:34:21+00:00\",\"breadcrumb\":{\"@id\":\"https:\/\/willalazur.pl\/kontakt\/#breadcrumb\"},\"inLanguage\":\"en-US\",\"potentialAction\":[{\"@type\":\"ReadAction\",\"target\":[\"https:\/\/willalazur.pl\/kontakt\/\"]}]},{\"@type\":\"BreadcrumbList\",\"@id\":\"https:\/\/willalazur.pl\/kontakt\/#breadcrumb\",\"itemListElement\":[{\"@type\":\"ListItem\",\"position\":1,\"name\":\"Strona g\u0142\u00f3wna\",\"item\":\"https:\/\/willalazur.pl\/\"},{\"@type\":\"ListItem\",\"position\":2,\"name\":\"Contact\"}]},{\"@type\":\"WebSite\",\"@id\":\"https:\/\/willalazur.pl\/#website\",\"url\":\"https:\/\/willalazur.pl\/\",\"name\":\"Willa Lazur Mi\u0119dzyzdroje\",\"description\":\"\",\"publisher\":{\"@id\":\"https:\/\/willalazur.pl\/#organization\"},\"potentialAction\":[{\"@type\":\"SearchAction\",\"target\":{\"@type\":\"EntryPoint\",\"urlTemplate\":\"https:\/\/willalazur.pl\/?s={search_term_string}\"},\"query-input\":\"required name=search_term_string\"}],\"inLanguage\":\"en-US\"},{\"@type\":\"Organization\",\"@id\":\"https:\/\/willalazur.pl\/#organization\",\"name\":\"Willa Lazur Mi\u0119dzyzdroje\",\"url\":\"https:\/\/willalazur.pl\/\",\"logo\":{\"@type\":\"ImageObject\",\"inLanguage\":\"en-US\",\"@id\":\"https:\/\/willalazur.pl\/#\/schema\/logo\/image\/\",\"url\":\"https:\/\/willalazur.pl\/wp-content\/uploads\/2022\/12\/willa-logo.png\",\"contentUrl\":\"https:\/\/willalazur.pl\/wp-content\/uploads\/2022\/12\/willa-logo.png\",\"width\":301,\"height\":50,\"caption\":\"Willa Lazur Mi\u0119dzyzdroje\"},\"image\":{\"@id\":\"https:\/\/willalazur.pl\/#\/schema\/logo\/image\/\"}}]}<\/script>\n<!-- \/ Yoast SEO plugin. -->","yoast_head_json":{"title":"Contact - Willa Lazur Mi\u0119dzyzdroje","robots":{"index":"index","follow":"follow","max-snippet":"max-snippet:-1","max-image-preview":"max-image-preview:large","max-video-preview":"max-video-preview:-1"},"canonical":"https:\/\/willalazur.pl\/kontakt\/","og_locale":"en_US","og_type":"article","og_title":"Contact - Willa Lazur Mi\u0119dzyzdroje","og_description":"Gra\u017cyna JackiewiczMy\u015bliwska Street 172-500 Mi\u0119dzyzdroje Bank account number PL:71 1600 1462 1832 1753 1000 0001 Bank account number EUR: PL87 1600 1462 1832 1753 1000 0004 SWIFT &#8211; PPABPLPK Phone: (091) 32 80 458Mobile phone: +48 668 608 908E-mail:\u00a0kontakt@willalazur.pl To make a reservation, please contact us by phone.\u00a0 The age of guests in our guesthouse [&hellip;]","og_url":"https:\/\/willalazur.pl\/kontakt\/","og_site_name":"Willa Lazur Mi\u0119dzyzdroje","article_modified_time":"2023-06-30T08:34:21+00:00","og_image":[{"url":"https:\/\/willalazur.pl\/wp-content\/uploads\/2023\/06\/dom-scaled.jpg"}],"twitter_card":"summary_large_image","twitter_misc":{"Est. reading time":"1 minute"},"schema":{"@context":"https:\/\/schema.org","@graph":[{"@type":"WebPage","@id":"https:\/\/willalazur.pl\/kontakt\/","url":"https:\/\/willalazur.pl\/kontakt\/","name":"Contact - Willa Lazur Mi\u0119dzyzdroje","isPartOf":{"@id":"https:\/\/willalazur.pl\/#website"},"datePublished":"2022-12-14T16:50:24+00:00","dateModified":"2023-06-30T08:34:21+00:00","breadcrumb":{"@id":"https:\/\/willalazur.pl\/kontakt\/#breadcrumb"},"inLanguage":"en-US","potentialAction":[{"@type":"ReadAction","target":["https:\/\/willalazur.pl\/kontakt\/"]}]},{"@type":"BreadcrumbList","@id":"https:\/\/willalazur.pl\/kontakt\/#breadcrumb","itemListElement":[{"@type":"ListItem","position":1,"name":"Strona g\u0142\u00f3wna","item":"https:\/\/willalazur.pl\/"},{"@type":"ListItem","position":2,"name":"Contact"}]},{"@type":"WebSite","@id":"https:\/\/willalazur.pl\/#website","url":"https:\/\/willalazur.pl\/","name":"Willa Lazur Mi\u0119dzyzdroje","description":"","publisher":{"@id":"https:\/\/willalazur.pl\/#organization"},"potentialAction":[{"@type":"SearchAction","target":{"@type":"EntryPoint","urlTemplate":"https:\/\/willalazur.pl\/?s={search_term_string}"},"query-input":"required name=search_term_string"}],"inLanguage":"en-US"},{"@type":"Organization","@id":"https:\/\/willalazur.pl\/#organization","name":"Willa Lazur Mi\u0119dzyzdroje","url":"https:\/\/willalazur.pl\/","logo":{"@type":"ImageObject","inLanguage":"en-US","@id":"https:\/\/willalazur.pl\/#\/schema\/logo\/image\/","url":"https:\/\/willalazur.pl\/wp-content\/uploads\/2022\/12\/willa-logo.png","contentUrl":"https:\/\/willalazur.pl\/wp-content\/uploads\/2022\/12\/willa-logo.png","width":301,"height":50,"caption":"Willa Lazur Mi\u0119dzyzdroje"},"image":{"@id":"https:\/\/willalazur.pl\/#\/schema\/logo\/image\/"}}]}},"_links":{"self":[{"href":"https:\/\/willalazur.pl\/en\/wp-json\/wp\/v2\/pages\/1111"}],"collection":[{"href":"https:\/\/willalazur.pl\/en\/wp-json\/wp\/v2\/pages"}],"about":[{"href":"https:\/\/willalazur.pl\/en\/wp-json\/wp\/v2\/types\/page"}],"author":[{"embeddable":true,"href":"https:\/\/willalazur.pl\/en\/wp-json\/wp\/v2\/users\/1"}],"replies":[{"embeddable":true,"href":"https:\/\/willalazur.pl\/en\/wp-json\/wp\/v2\/comments?post=1111"}],"version-history":[{"count":0,"href":"https:\/\/willalazur.pl\/en\/wp-json\/wp\/v2\/pages\/1111\/revisions"}],"wp:attachment":[{"href":"https:\/\/willalazur.pl\/en\/wp-json\/wp\/v2\/media?parent=1111"}],"curies":[{"name":"wp","href":"https:\/\/api.w.org\/{rel}","templated":true}]}}